{"id":277,"date":"2016-09-07T10:14:25","date_gmt":"2016-09-07T09:14:25","guid":{"rendered":"https:\/\/www.avons.fr\/magasin\/?page_id=277"},"modified":"2026-04-28T12:09:37","modified_gmt":"2026-04-28T10:09:37","slug":"paiements","status":"publish","type":"page","link":"https:\/\/www.avons.fr\/magasin\/paiements\/","title":{"rendered":"Paiements"},"content":{"rendered":"","protected":false},"excerpt":{"rendered":"","protected":false},"author":1,"featured_media":0,"parent":0,"menu_order":0,"comment_status":"closed","ping_status":"closed","template":"","meta":{"_acf_changed":true,"_EventAllDay":false,"_EventTimezone":"","_EventStartDate":"","_EventEndDate":"","_EventStartDateUTC":"","_EventEndDateUTC":"","_EventShowMap":false,"_EventShowMapLink":false,"_EventURL":"","_EventCost":"","_EventCostDescription":"","_EventCurrencySymbol":"","_EventCurrencyCode":"","_EventCurrencyPosition":"","_EventDateTimeSeparator":"","_EventTimeRangeSeparator":"","_EventOrganizerID":[],"_EventVenueID":[],"_OrganizerEmail":"","_OrganizerPhone":"","_OrganizerWebsite":"","_VenueAddress":"","_VenueCity":"","_VenueCountry":"","_VenueProvince":"","_VenueState":"","_VenueZip":"","_VenuePhone":"","_VenueURL":"","_VenueStateProvince":"","_VenueLat":"","_VenueLng":"","_VenueShowMap":false,"_VenueShowMapLink":false,"footnotes":""},"class_list":["post-277","page","type-page","status-publish"],"acf":[],"yoast_head":"<!-- This site is optimized with the Yoast SEO plugin v24.7 - https:\/\/yoast.com\/wordpress\/plugins\/seo\/ -->\n<title>Moyens de paiement - Avons<\/title>\n<meta name=\"description\" content=\"Afin de r\u00e9pondre au mieux \u00e0 vos attentes, nous vous proposons diff\u00e9rents modes de r\u00e8glement. Paiement par carte s\u00e9curis\u00e9, virement bancaire, CB...\" \/>\n<meta name=\"robots\" content=\"index, follow, max-snippet:-1, max-image-preview:large, max-video-preview:-1\" \/>\n<link rel=\"canonical\" href=\"https:\/\/www.avons.fr\/magasin\/paiements\/\" \/>\n<meta property=\"og:locale\" content=\"fr_FR\" \/>\n<meta property=\"og:type\" content=\"article\" \/>\n<meta property=\"og:title\" content=\"Moyens de paiement - Avons\" \/>\n<meta property=\"og:description\" content=\"Afin de r\u00e9pondre au mieux \u00e0 vos attentes, nous vous proposons diff\u00e9rents modes de r\u00e8glement. Paiement par carte s\u00e9curis\u00e9, virement bancaire, CB...\" \/>\n<meta property=\"og:url\" content=\"https:\/\/www.avons.fr\/magasin\/paiements\/\" \/>\n<meta property=\"og:site_name\" content=\"Avons\" \/>\n<meta property=\"article:modified_time\" content=\"2026-04-28T10:09:37+00:00\" \/>\n<meta name=\"twitter:card\" content=\"summary_large_image\" \/>\n<script type=\"application\/ld+json\" class=\"yoast-schema-graph\">{\"@context\":\"https:\/\/schema.org\",\"@graph\":[{\"@type\":\"WebPage\",\"@id\":\"https:\/\/www.avons.fr\/magasin\/paiements\/\",\"url\":\"https:\/\/www.avons.fr\/magasin\/paiements\/\",\"name\":\"Moyens de paiement - Avons\",\"isPartOf\":{\"@id\":\"https:\/\/www.avons.fr\/magasin\/#website\"},\"datePublished\":\"2016-09-07T09:14:25+00:00\",\"dateModified\":\"2026-04-28T10:09:37+00:00\",\"description\":\"Afin de r\u00e9pondre au mieux \u00e0 vos attentes, nous vous proposons diff\u00e9rents modes de r\u00e8glement. Paiement par carte s\u00e9curis\u00e9, virement bancaire, CB...\",\"breadcrumb\":{\"@id\":\"https:\/\/www.avons.fr\/magasin\/paiements\/#breadcrumb\"},\"inLanguage\":\"fr-FR\",\"potentialAction\":[{\"@type\":\"ReadAction\",\"target\":[\"https:\/\/www.avons.fr\/magasin\/paiements\/\"]}]},{\"@type\":\"BreadcrumbList\",\"@id\":\"https:\/\/www.avons.fr\/magasin\/paiements\/#breadcrumb\",\"itemListElement\":[{\"@type\":\"ListItem\",\"position\":1,\"name\":\"Accueil\",\"item\":\"https:\/\/www.avons.fr\/magasin\/\"},{\"@type\":\"ListItem\",\"position\":2,\"name\":\"Paiements\"}]},{\"@type\":\"WebSite\",\"@id\":\"https:\/\/www.avons.fr\/magasin\/#website\",\"url\":\"https:\/\/www.avons.fr\/magasin\/\",\"name\":\"Avons\",\"description\":\"\",\"potentialAction\":[{\"@type\":\"SearchAction\",\"target\":{\"@type\":\"EntryPoint\",\"urlTemplate\":\"https:\/\/www.avons.fr\/magasin\/?s={search_term_string}\"},\"query-input\":{\"@type\":\"PropertyValueSpecification\",\"valueRequired\":true,\"valueName\":\"search_term_string\"}}],\"inLanguage\":\"fr-FR\"}]}<\/script>\n<!-- \/ Yoast SEO plugin. -->","yoast_head_json":{"title":"Moyens de paiement - Avons","description":"Afin de r\u00e9pondre au mieux \u00e0 vos attentes, nous vous proposons diff\u00e9rents modes de r\u00e8glement. Paiement par carte s\u00e9curis\u00e9, virement bancaire, CB...","robots":{"index":"index","follow":"follow","max-snippet":"max-snippet:-1","max-image-preview":"max-image-preview:large","max-video-preview":"max-video-preview:-1"},"canonical":"https:\/\/www.avons.fr\/magasin\/paiements\/","og_locale":"fr_FR","og_type":"article","og_title":"Moyens de paiement - Avons","og_description":"Afin de r\u00e9pondre au mieux \u00e0 vos attentes, nous vous proposons diff\u00e9rents modes de r\u00e8glement. Paiement par carte s\u00e9curis\u00e9, virement bancaire, CB...","og_url":"https:\/\/www.avons.fr\/magasin\/paiements\/","og_site_name":"Avons","article_modified_time":"2026-04-28T10:09:37+00:00","twitter_card":"summary_large_image","schema":{"@context":"https:\/\/schema.org","@graph":[{"@type":"WebPage","@id":"https:\/\/www.avons.fr\/magasin\/paiements\/","url":"https:\/\/www.avons.fr\/magasin\/paiements\/","name":"Moyens de paiement - Avons","isPartOf":{"@id":"https:\/\/www.avons.fr\/magasin\/#website"},"datePublished":"2016-09-07T09:14:25+00:00","dateModified":"2026-04-28T10:09:37+00:00","description":"Afin de r\u00e9pondre au mieux \u00e0 vos attentes, nous vous proposons diff\u00e9rents modes de r\u00e8glement. Paiement par carte s\u00e9curis\u00e9, virement bancaire, CB...","breadcrumb":{"@id":"https:\/\/www.avons.fr\/magasin\/paiements\/#breadcrumb"},"inLanguage":"fr-FR","potentialAction":[{"@type":"ReadAction","target":["https:\/\/www.avons.fr\/magasin\/paiements\/"]}]},{"@type":"BreadcrumbList","@id":"https:\/\/www.avons.fr\/magasin\/paiements\/#breadcrumb","itemListElement":[{"@type":"ListItem","position":1,"name":"Accueil","item":"https:\/\/www.avons.fr\/magasin\/"},{"@type":"ListItem","position":2,"name":"Paiements"}]},{"@type":"WebSite","@id":"https:\/\/www.avons.fr\/magasin\/#website","url":"https:\/\/www.avons.fr\/magasin\/","name":"Avons","description":"","potentialAction":[{"@type":"SearchAction","target":{"@type":"EntryPoint","urlTemplate":"https:\/\/www.avons.fr\/magasin\/?s={search_term_string}"},"query-input":{"@type":"PropertyValueSpecification","valueRequired":true,"valueName":"search_term_string"}}],"inLanguage":"fr-FR"}]}},"_links":{"self":[{"href":"https:\/\/www.avons.fr\/magasin\/wp-json\/wp\/v2\/pages\/277","targetHints":{"allow":["GET"]}}],"collection":[{"href":"https:\/\/www.avons.fr\/magasin\/wp-json\/wp\/v2\/pages"}],"about":[{"href":"https:\/\/www.avons.fr\/magasin\/wp-json\/wp\/v2\/types\/page"}],"author":[{"embeddable":true,"href":"https:\/\/www.avons.fr\/magasin\/wp-json\/wp\/v2\/users\/1"}],"replies":[{"embeddable":true,"href":"https:\/\/www.avons.fr\/magasin\/wp-json\/wp\/v2\/comments?post=277"}],"version-history":[{"count":0,"href":"https:\/\/www.avons.fr\/magasin\/wp-json\/wp\/v2\/pages\/277\/revisions"}],"wp:attachment":[{"href":"https:\/\/www.avons.fr\/magasin\/wp-json\/wp\/v2\/media?parent=277"}],"curies":[{"name":"wp","href":"https:\/\/api.w.org\/{rel}","templated":true}]}}