{"id":258,"date":"2016-09-06T10:18:50","date_gmt":"2016-09-06T09:18:50","guid":{"rendered":"https:\/\/www.avons.fr\/magasin\/?page_id=258"},"modified":"2024-09-07T15:22:49","modified_gmt":"2024-09-07T14:22:49","slug":"conditions-reparations","status":"publish","type":"page","link":"https:\/\/www.avons.fr\/magasin\/conditions-reparations\/","title":{"rendered":"Conditions g\u00e9n\u00e9rales de r\u00e9parations"},"content":{"rendered":"","protected":false},"excerpt":{"rendered":"","protected":false},"author":1,"featured_media":0,"parent":0,"menu_order":0,"comment_status":"closed","ping_status":"closed","template":"","meta":{"_acf_changed":false,"_EventAllDay":false,"_EventTimezone":"","_EventStartDate":"","_EventEndDate":"","_EventStartDateUTC":"","_EventEndDateUTC":"","_EventShowMap":false,"_EventShowMapLink":false,"_EventURL":"","_EventCost":"","_EventCostDescription":"","_EventCurrencySymbol":"","_EventCurrencyCode":"","_EventCurrencyPosition":"","_EventDateTimeSeparator":"","_EventTimeRangeSeparator":"","_EventOrganizerID":[],"_EventVenueID":[],"_OrganizerEmail":"","_OrganizerPhone":"","_OrganizerWebsite":"","_VenueAddress":"","_VenueCity":"","_VenueCountry":"","_VenueProvince":"","_VenueState":"","_VenueZip":"","_VenuePhone":"","_VenueURL":"","_VenueStateProvince":"","_VenueLat":"","_VenueLng":"","_VenueShowMap":false,"_VenueShowMapLink":false,"footnotes":""},"class_list":["post-258","page","type-page","status-publish"],"acf":[],"yoast_head":"<!-- This site is optimized with the Yoast SEO plugin v24.7 - https:\/\/yoast.com\/wordpress\/plugins\/seo\/ -->\n<title>Conditions g\u00e9n\u00e9rales de r\u00e9parations - Avons<\/title>\n<meta name=\"description\" content=\"Conditions g\u00e9n\u00e9rales de r\u00e9parations des enseignes &quot;AVONS&quot;. Acceptation des conditions, livraisons et d\u00e9lais, devis entretien et r\u00e9parations.\" \/>\n<meta name=\"robots\" content=\"index, follow, max-snippet:-1, max-image-preview:large, max-video-preview:-1\" \/>\n<link rel=\"canonical\" href=\"https:\/\/www.avons.fr\/magasin\/conditions-reparations\/\" \/>\n<meta property=\"og:locale\" content=\"fr_FR\" \/>\n<meta property=\"og:type\" content=\"article\" \/>\n<meta property=\"og:title\" content=\"Conditions g\u00e9n\u00e9rales de r\u00e9parations - Avons\" \/>\n<meta property=\"og:description\" content=\"Conditions g\u00e9n\u00e9rales de r\u00e9parations des enseignes &quot;AVONS&quot;. Acceptation des conditions, livraisons et d\u00e9lais, devis entretien et r\u00e9parations.\" \/>\n<meta property=\"og:url\" content=\"https:\/\/www.avons.fr\/magasin\/conditions-reparations\/\" \/>\n<meta property=\"og:site_name\" content=\"Avons\" \/>\n<meta property=\"article:modified_time\" content=\"2024-09-07T14:22:49+00:00\" \/>\n<meta name=\"twitter:card\" content=\"summary_large_image\" \/>\n<script type=\"application\/ld+json\" class=\"yoast-schema-graph\">{\"@context\":\"https:\/\/schema.org\",\"@graph\":[{\"@type\":\"WebPage\",\"@id\":\"https:\/\/www.avons.fr\/magasin\/conditions-reparations\/\",\"url\":\"https:\/\/www.avons.fr\/magasin\/conditions-reparations\/\",\"name\":\"Conditions g\u00e9n\u00e9rales de r\u00e9parations - Avons\",\"isPartOf\":{\"@id\":\"https:\/\/www.avons.fr\/magasin\/#website\"},\"datePublished\":\"2016-09-06T09:18:50+00:00\",\"dateModified\":\"2024-09-07T14:22:49+00:00\",\"description\":\"Conditions g\u00e9n\u00e9rales de r\u00e9parations des enseignes \\\"AVONS\\\". Acceptation des conditions, livraisons et d\u00e9lais, devis entretien et r\u00e9parations.\",\"breadcrumb\":{\"@id\":\"https:\/\/www.avons.fr\/magasin\/conditions-reparations\/#breadcrumb\"},\"inLanguage\":\"fr-FR\",\"potentialAction\":[{\"@type\":\"ReadAction\",\"target\":[\"https:\/\/www.avons.fr\/magasin\/conditions-reparations\/\"]}]},{\"@type\":\"BreadcrumbList\",\"@id\":\"https:\/\/www.avons.fr\/magasin\/conditions-reparations\/#breadcrumb\",\"itemListElement\":[{\"@type\":\"ListItem\",\"position\":1,\"name\":\"Accueil\",\"item\":\"https:\/\/www.avons.fr\/magasin\/\"},{\"@type\":\"ListItem\",\"position\":2,\"name\":\"Conditions g\u00e9n\u00e9rales de r\u00e9parations\"}]},{\"@type\":\"WebSite\",\"@id\":\"https:\/\/www.avons.fr\/magasin\/#website\",\"url\":\"https:\/\/www.avons.fr\/magasin\/\",\"name\":\"Avons\",\"description\":\"\",\"potentialAction\":[{\"@type\":\"SearchAction\",\"target\":{\"@type\":\"EntryPoint\",\"urlTemplate\":\"https:\/\/www.avons.fr\/magasin\/?s={search_term_string}\"},\"query-input\":{\"@type\":\"PropertyValueSpecification\",\"valueRequired\":true,\"valueName\":\"search_term_string\"}}],\"inLanguage\":\"fr-FR\"}]}<\/script>\n<!-- \/ Yoast SEO plugin. -->","yoast_head_json":{"title":"Conditions g\u00e9n\u00e9rales de r\u00e9parations - Avons","description":"Conditions g\u00e9n\u00e9rales de r\u00e9parations des enseignes \"AVONS\". Acceptation des conditions, livraisons et d\u00e9lais, devis entretien et r\u00e9parations.","robots":{"index":"index","follow":"follow","max-snippet":"max-snippet:-1","max-image-preview":"max-image-preview:large","max-video-preview":"max-video-preview:-1"},"canonical":"https:\/\/www.avons.fr\/magasin\/conditions-reparations\/","og_locale":"fr_FR","og_type":"article","og_title":"Conditions g\u00e9n\u00e9rales de r\u00e9parations - Avons","og_description":"Conditions g\u00e9n\u00e9rales de r\u00e9parations des enseignes \"AVONS\". Acceptation des conditions, livraisons et d\u00e9lais, devis entretien et r\u00e9parations.","og_url":"https:\/\/www.avons.fr\/magasin\/conditions-reparations\/","og_site_name":"Avons","article_modified_time":"2024-09-07T14:22:49+00:00","twitter_card":"summary_large_image","schema":{"@context":"https:\/\/schema.org","@graph":[{"@type":"WebPage","@id":"https:\/\/www.avons.fr\/magasin\/conditions-reparations\/","url":"https:\/\/www.avons.fr\/magasin\/conditions-reparations\/","name":"Conditions g\u00e9n\u00e9rales de r\u00e9parations - Avons","isPartOf":{"@id":"https:\/\/www.avons.fr\/magasin\/#website"},"datePublished":"2016-09-06T09:18:50+00:00","dateModified":"2024-09-07T14:22:49+00:00","description":"Conditions g\u00e9n\u00e9rales de r\u00e9parations des enseignes \"AVONS\". Acceptation des conditions, livraisons et d\u00e9lais, devis entretien et r\u00e9parations.","breadcrumb":{"@id":"https:\/\/www.avons.fr\/magasin\/conditions-reparations\/#breadcrumb"},"inLanguage":"fr-FR","potentialAction":[{"@type":"ReadAction","target":["https:\/\/www.avons.fr\/magasin\/conditions-reparations\/"]}]},{"@type":"BreadcrumbList","@id":"https:\/\/www.avons.fr\/magasin\/conditions-reparations\/#breadcrumb","itemListElement":[{"@type":"ListItem","position":1,"name":"Accueil","item":"https:\/\/www.avons.fr\/magasin\/"},{"@type":"ListItem","position":2,"name":"Conditions g\u00e9n\u00e9rales de r\u00e9parations"}]},{"@type":"WebSite","@id":"https:\/\/www.avons.fr\/magasin\/#website","url":"https:\/\/www.avons.fr\/magasin\/","name":"Avons","description":"","potentialAction":[{"@type":"SearchAction","target":{"@type":"EntryPoint","urlTemplate":"https:\/\/www.avons.fr\/magasin\/?s={search_term_string}"},"query-input":{"@type":"PropertyValueSpecification","valueRequired":true,"valueName":"search_term_string"}}],"inLanguage":"fr-FR"}]}},"_links":{"self":[{"href":"https:\/\/www.avons.fr\/magasin\/wp-json\/wp\/v2\/pages\/258","targetHints":{"allow":["GET"]}}],"collection":[{"href":"https:\/\/www.avons.fr\/magasin\/wp-json\/wp\/v2\/pages"}],"about":[{"href":"https:\/\/www.avons.fr\/magasin\/wp-json\/wp\/v2\/types\/page"}],"author":[{"embeddable":true,"href":"https:\/\/www.avons.fr\/magasin\/wp-json\/wp\/v2\/users\/1"}],"replies":[{"embeddable":true,"href":"https:\/\/www.avons.fr\/magasin\/wp-json\/wp\/v2\/comments?post=258"}],"version-history":[{"count":0,"href":"https:\/\/www.avons.fr\/magasin\/wp-json\/wp\/v2\/pages\/258\/revisions"}],"wp:attachment":[{"href":"https:\/\/www.avons.fr\/magasin\/wp-json\/wp\/v2\/media?parent=258"}],"curies":[{"name":"wp","href":"https:\/\/api.w.org\/{rel}","templated":true}]}}