{"id":239,"date":"2016-06-21T15:15:26","date_gmt":"2016-06-21T14:15:26","guid":{"rendered":"https:\/\/www.avons.fr\/magasin\/?page_id=239"},"modified":"2022-09-16T10:08:19","modified_gmt":"2022-09-16T09:08:19","slug":"demande-conseil","status":"publish","type":"page","link":"https:\/\/www.avons.fr\/magasin\/demande-conseil\/","title":{"rendered":"Demande de conseil"},"content":{"rendered":"","protected":false},"excerpt":{"rendered":"","protected":false},"author":1,"featured_media":0,"parent":0,"menu_order":0,"comment_status":"closed","ping_status":"closed","template":"","meta":{"_acf_changed":false,"_EventAllDay":false,"_EventTimezone":"","_EventStartDate":"","_EventEndDate":"","_EventStartDateUTC":"","_EventEndDateUTC":"","_EventShowMap":false,"_EventShowMapLink":false,"_EventURL":"","_EventCost":"","_EventCostDescription":"","_EventCurrencySymbol":"","_EventCurrencyCode":"","_EventCurrencyPosition":"","_EventDateTimeSeparator":"","_EventTimeRangeSeparator":"","_EventOrganizerID":[],"_EventVenueID":[],"_OrganizerEmail":"","_OrganizerPhone":"","_OrganizerWebsite":"","_VenueAddress":"","_VenueCity":"","_VenueCountry":"","_VenueProvince":"","_VenueState":"","_VenueZip":"","_VenuePhone":"","_VenueURL":"","_VenueStateProvince":"","_VenueLat":"","_VenueLng":"","_VenueShowMap":false,"_VenueShowMapLink":false,"footnotes":""},"class_list":["post-239","page","type-page","status-publish"],"acf":[],"yoast_head":"<!-- This site is optimized with the Yoast SEO plugin v24.7 - https:\/\/yoast.com\/wordpress\/plugins\/seo\/ -->\n<title>Demande de conseil - Avons<\/title>\n<meta name=\"description\" content=\"Vous avez besoin de conseil sur un produit ? Vous n&#039;arrivez pas \u00e0 r\u00e9parer votre machine ? Notre \u00e9quipe d&#039;experts vous r\u00e9pondra !\" \/>\n<meta name=\"robots\" content=\"index, follow, max-snippet:-1, max-image-preview:large, max-video-preview:-1\" \/>\n<link rel=\"canonical\" href=\"https:\/\/www.avons.fr\/magasin\/demande-conseil\/\" \/>\n<meta property=\"og:locale\" content=\"fr_FR\" \/>\n<meta property=\"og:type\" content=\"article\" \/>\n<meta property=\"og:title\" content=\"Demande de conseil - Avons\" \/>\n<meta property=\"og:description\" content=\"Vous avez besoin de conseil sur un produit ? Vous n&#039;arrivez pas \u00e0 r\u00e9parer votre machine ? Notre \u00e9quipe d&#039;experts vous r\u00e9pondra !\" \/>\n<meta property=\"og:url\" content=\"https:\/\/www.avons.fr\/magasin\/demande-conseil\/\" \/>\n<meta property=\"og:site_name\" content=\"Avons\" \/>\n<meta property=\"article:modified_time\" content=\"2022-09-16T09:08:19+00:00\" \/>\n<meta name=\"twitter:card\" content=\"summary_large_image\" \/>\n<script type=\"application\/ld+json\" class=\"yoast-schema-graph\">{\"@context\":\"https:\/\/schema.org\",\"@graph\":[{\"@type\":\"WebPage\",\"@id\":\"https:\/\/www.avons.fr\/magasin\/demande-conseil\/\",\"url\":\"https:\/\/www.avons.fr\/magasin\/demande-conseil\/\",\"name\":\"Demande de conseil - Avons\",\"isPartOf\":{\"@id\":\"https:\/\/www.avons.fr\/magasin\/#website\"},\"datePublished\":\"2016-06-21T14:15:26+00:00\",\"dateModified\":\"2022-09-16T09:08:19+00:00\",\"description\":\"Vous avez besoin de conseil sur un produit ? Vous n'arrivez pas \u00e0 r\u00e9parer votre machine ? Notre \u00e9quipe d'experts vous r\u00e9pondra !\",\"breadcrumb\":{\"@id\":\"https:\/\/www.avons.fr\/magasin\/demande-conseil\/#breadcrumb\"},\"inLanguage\":\"fr-FR\",\"potentialAction\":[{\"@type\":\"ReadAction\",\"target\":[\"https:\/\/www.avons.fr\/magasin\/demande-conseil\/\"]}]},{\"@type\":\"BreadcrumbList\",\"@id\":\"https:\/\/www.avons.fr\/magasin\/demande-conseil\/#breadcrumb\",\"itemListElement\":[{\"@type\":\"ListItem\",\"position\":1,\"name\":\"Accueil\",\"item\":\"https:\/\/www.avons.fr\/magasin\/\"},{\"@type\":\"ListItem\",\"position\":2,\"name\":\"Demande de conseil\"}]},{\"@type\":\"WebSite\",\"@id\":\"https:\/\/www.avons.fr\/magasin\/#website\",\"url\":\"https:\/\/www.avons.fr\/magasin\/\",\"name\":\"Avons\",\"description\":\"\",\"potentialAction\":[{\"@type\":\"SearchAction\",\"target\":{\"@type\":\"EntryPoint\",\"urlTemplate\":\"https:\/\/www.avons.fr\/magasin\/?s={search_term_string}\"},\"query-input\":{\"@type\":\"PropertyValueSpecification\",\"valueRequired\":true,\"valueName\":\"search_term_string\"}}],\"inLanguage\":\"fr-FR\"}]}<\/script>\n<!-- \/ Yoast SEO plugin. -->","yoast_head_json":{"title":"Demande de conseil - Avons","description":"Vous avez besoin de conseil sur un produit ? Vous n'arrivez pas \u00e0 r\u00e9parer votre machine ? Notre \u00e9quipe d'experts vous r\u00e9pondra !","robots":{"index":"index","follow":"follow","max-snippet":"max-snippet:-1","max-image-preview":"max-image-preview:large","max-video-preview":"max-video-preview:-1"},"canonical":"https:\/\/www.avons.fr\/magasin\/demande-conseil\/","og_locale":"fr_FR","og_type":"article","og_title":"Demande de conseil - Avons","og_description":"Vous avez besoin de conseil sur un produit ? Vous n'arrivez pas \u00e0 r\u00e9parer votre machine ? Notre \u00e9quipe d'experts vous r\u00e9pondra !","og_url":"https:\/\/www.avons.fr\/magasin\/demande-conseil\/","og_site_name":"Avons","article_modified_time":"2022-09-16T09:08:19+00:00","twitter_card":"summary_large_image","schema":{"@context":"https:\/\/schema.org","@graph":[{"@type":"WebPage","@id":"https:\/\/www.avons.fr\/magasin\/demande-conseil\/","url":"https:\/\/www.avons.fr\/magasin\/demande-conseil\/","name":"Demande de conseil - Avons","isPartOf":{"@id":"https:\/\/www.avons.fr\/magasin\/#website"},"datePublished":"2016-06-21T14:15:26+00:00","dateModified":"2022-09-16T09:08:19+00:00","description":"Vous avez besoin de conseil sur un produit ? Vous n'arrivez pas \u00e0 r\u00e9parer votre machine ? Notre \u00e9quipe d'experts vous r\u00e9pondra !","breadcrumb":{"@id":"https:\/\/www.avons.fr\/magasin\/demande-conseil\/#breadcrumb"},"inLanguage":"fr-FR","potentialAction":[{"@type":"ReadAction","target":["https:\/\/www.avons.fr\/magasin\/demande-conseil\/"]}]},{"@type":"BreadcrumbList","@id":"https:\/\/www.avons.fr\/magasin\/demande-conseil\/#breadcrumb","itemListElement":[{"@type":"ListItem","position":1,"name":"Accueil","item":"https:\/\/www.avons.fr\/magasin\/"},{"@type":"ListItem","position":2,"name":"Demande de conseil"}]},{"@type":"WebSite","@id":"https:\/\/www.avons.fr\/magasin\/#website","url":"https:\/\/www.avons.fr\/magasin\/","name":"Avons","description":"","potentialAction":[{"@type":"SearchAction","target":{"@type":"EntryPoint","urlTemplate":"https:\/\/www.avons.fr\/magasin\/?s={search_term_string}"},"query-input":{"@type":"PropertyValueSpecification","valueRequired":true,"valueName":"search_term_string"}}],"inLanguage":"fr-FR"}]}},"_links":{"self":[{"href":"https:\/\/www.avons.fr\/magasin\/wp-json\/wp\/v2\/pages\/239","targetHints":{"allow":["GET"]}}],"collection":[{"href":"https:\/\/www.avons.fr\/magasin\/wp-json\/wp\/v2\/pages"}],"about":[{"href":"https:\/\/www.avons.fr\/magasin\/wp-json\/wp\/v2\/types\/page"}],"author":[{"embeddable":true,"href":"https:\/\/www.avons.fr\/magasin\/wp-json\/wp\/v2\/users\/1"}],"replies":[{"embeddable":true,"href":"https:\/\/www.avons.fr\/magasin\/wp-json\/wp\/v2\/comments?post=239"}],"version-history":[{"count":0,"href":"https:\/\/www.avons.fr\/magasin\/wp-json\/wp\/v2\/pages\/239\/revisions"}],"wp:attachment":[{"href":"https:\/\/www.avons.fr\/magasin\/wp-json\/wp\/v2\/media?parent=239"}],"curies":[{"name":"wp","href":"https:\/\/api.w.org\/{rel}","templated":true}]}}