{"id":1478,"date":"2018-10-18T14:34:29","date_gmt":"2018-10-18T13:34:29","guid":{"rendered":"https:\/\/www.avons.fr\/magasin\/?page_id=1478"},"modified":"2018-10-22T09:54:11","modified_gmt":"2018-10-22T08:54:11","slug":"avons-chaponost","status":"publish","type":"page","link":"https:\/\/www.avons.fr\/magasin\/venir-aux-magasins\/avons-chaponost\/","title":{"rendered":"Lieu de d\u00e9p\u00f4t SAV \u00e0 Chaponost"},"content":{"rendered":"","protected":false},"excerpt":{"rendered":"","protected":false},"author":1,"featured_media":0,"parent":10,"menu_order":0,"comment_status":"closed","ping_status":"closed","template":"","meta":{"_acf_changed":false,"_EventAllDay":false,"_EventTimezone":"","_EventStartDate":"","_EventEndDate":"","_EventStartDateUTC":"","_EventEndDateUTC":"","_EventShowMap":false,"_EventShowMapLink":false,"_EventURL":"","_EventCost":"","_EventCostDescription":"","_EventCurrencySymbol":"","_EventCurrencyCode":"","_EventCurrencyPosition":"","_EventDateTimeSeparator":"","_EventTimeRangeSeparator":"","_EventOrganizerID":[],"_EventVenueID":[],"_OrganizerEmail":"","_OrganizerPhone":"","_OrganizerWebsite":"","_VenueAddress":"","_VenueCity":"","_VenueCountry":"","_VenueProvince":"","_VenueState":"","_VenueZip":"","_VenuePhone":"","_VenueURL":"","_VenueStateProvince":"","_VenueLat":"","_VenueLng":"","_VenueShowMap":false,"_VenueShowMapLink":false,"footnotes":""},"class_list":["post-1478","page","type-page","status-publish"],"acf":[],"yoast_head":"<!-- This site is optimized with the Yoast SEO plugin v24.7 - https:\/\/yoast.com\/wordpress\/plugins\/seo\/ -->\n<title>Lieu de d\u00e9p\u00f4t SAV |\u00a0Avons \u00e0 Chaponost - Comment s&#039;y rendre<\/title>\n<meta name=\"description\" content=\"Venez d\u00e9poser votre machine pour r\u00e9paration chez Avons Chaponost. Nous disposons \u00e0 la fois d\u2019un grand savoir-faire technique, d\u2019une excellente connaissance des machines pr\u00e9sentes sur le march\u00e9, ainsi que d\u2019une passion ind\u00e9fectible pour la couture.\" \/>\n<meta name=\"robots\" content=\"index, follow, max-snippet:-1, max-image-preview:large, max-video-preview:-1\" \/>\n<link rel=\"canonical\" href=\"https:\/\/www.avons.fr\/magasin\/venir-aux-magasins\/avons-chaponost\/\" \/>\n<meta property=\"og:locale\" content=\"fr_FR\" \/>\n<meta property=\"og:type\" content=\"article\" \/>\n<meta property=\"og:title\" content=\"Lieu de d\u00e9p\u00f4t SAV |\u00a0Avons \u00e0 Chaponost - Comment s&#039;y rendre\" \/>\n<meta property=\"og:description\" content=\"Venez d\u00e9poser votre machine pour r\u00e9paration chez Avons Chaponost. Nous disposons \u00e0 la fois d\u2019un grand savoir-faire technique, d\u2019une excellente connaissance des machines pr\u00e9sentes sur le march\u00e9, ainsi que d\u2019une passion ind\u00e9fectible pour la couture.\" \/>\n<meta property=\"og:url\" content=\"https:\/\/www.avons.fr\/magasin\/venir-aux-magasins\/avons-chaponost\/\" \/>\n<meta property=\"og:site_name\" content=\"Avons\" \/>\n<meta property=\"article:modified_time\" content=\"2018-10-22T08:54:11+00:00\" \/>\n<meta name=\"twitter:card\" content=\"summary_large_image\" \/>\n<script type=\"application\/ld+json\" class=\"yoast-schema-graph\">{\"@context\":\"https:\/\/schema.org\",\"@graph\":[{\"@type\":\"WebPage\",\"@id\":\"https:\/\/www.avons.fr\/magasin\/venir-aux-magasins\/avons-chaponost\/\",\"url\":\"https:\/\/www.avons.fr\/magasin\/venir-aux-magasins\/avons-chaponost\/\",\"name\":\"Lieu de d\u00e9p\u00f4t SAV |\u00a0Avons \u00e0 Chaponost - Comment s'y rendre\",\"isPartOf\":{\"@id\":\"https:\/\/www.avons.fr\/magasin\/#website\"},\"datePublished\":\"2018-10-18T13:34:29+00:00\",\"dateModified\":\"2018-10-22T08:54:11+00:00\",\"description\":\"Venez d\u00e9poser votre machine pour r\u00e9paration chez Avons Chaponost. Nous disposons \u00e0 la fois d\u2019un grand savoir-faire technique, d\u2019une excellente connaissance des machines pr\u00e9sentes sur le march\u00e9, ainsi que d\u2019une passion ind\u00e9fectible pour la couture.\",\"breadcrumb\":{\"@id\":\"https:\/\/www.avons.fr\/magasin\/venir-aux-magasins\/avons-chaponost\/#breadcrumb\"},\"inLanguage\":\"fr-FR\",\"potentialAction\":[{\"@type\":\"ReadAction\",\"target\":[\"https:\/\/www.avons.fr\/magasin\/venir-aux-magasins\/avons-chaponost\/\"]}]},{\"@type\":\"BreadcrumbList\",\"@id\":\"https:\/\/www.avons.fr\/magasin\/venir-aux-magasins\/avons-chaponost\/#breadcrumb\",\"itemListElement\":[{\"@type\":\"ListItem\",\"position\":1,\"name\":\"Accueil\",\"item\":\"https:\/\/www.avons.fr\/magasin\/\"},{\"@type\":\"ListItem\",\"position\":2,\"name\":\"Venir aux magasins\",\"item\":\"https:\/\/www.avons.fr\/magasin\/\"},{\"@type\":\"ListItem\",\"position\":3,\"name\":\"Lieu de d\u00e9p\u00f4t SAV \u00e0 Chaponost\"}]},{\"@type\":\"WebSite\",\"@id\":\"https:\/\/www.avons.fr\/magasin\/#website\",\"url\":\"https:\/\/www.avons.fr\/magasin\/\",\"name\":\"Avons\",\"description\":\"\",\"potentialAction\":[{\"@type\":\"SearchAction\",\"target\":{\"@type\":\"EntryPoint\",\"urlTemplate\":\"https:\/\/www.avons.fr\/magasin\/?s={search_term_string}\"},\"query-input\":{\"@type\":\"PropertyValueSpecification\",\"valueRequired\":true,\"valueName\":\"search_term_string\"}}],\"inLanguage\":\"fr-FR\"}]}<\/script>\n<!-- \/ Yoast SEO plugin. -->","yoast_head_json":{"title":"Lieu de d\u00e9p\u00f4t SAV |\u00a0Avons \u00e0 Chaponost - Comment s'y rendre","description":"Venez d\u00e9poser votre machine pour r\u00e9paration chez Avons Chaponost. Nous disposons \u00e0 la fois d\u2019un grand savoir-faire technique, d\u2019une excellente connaissance des machines pr\u00e9sentes sur le march\u00e9, ainsi que d\u2019une passion ind\u00e9fectible pour la couture.","robots":{"index":"index","follow":"follow","max-snippet":"max-snippet:-1","max-image-preview":"max-image-preview:large","max-video-preview":"max-video-preview:-1"},"canonical":"https:\/\/www.avons.fr\/magasin\/venir-aux-magasins\/avons-chaponost\/","og_locale":"fr_FR","og_type":"article","og_title":"Lieu de d\u00e9p\u00f4t SAV |\u00a0Avons \u00e0 Chaponost - Comment s'y rendre","og_description":"Venez d\u00e9poser votre machine pour r\u00e9paration chez Avons Chaponost. Nous disposons \u00e0 la fois d\u2019un grand savoir-faire technique, d\u2019une excellente connaissance des machines pr\u00e9sentes sur le march\u00e9, ainsi que d\u2019une passion ind\u00e9fectible pour la couture.","og_url":"https:\/\/www.avons.fr\/magasin\/venir-aux-magasins\/avons-chaponost\/","og_site_name":"Avons","article_modified_time":"2018-10-22T08:54:11+00:00","twitter_card":"summary_large_image","schema":{"@context":"https:\/\/schema.org","@graph":[{"@type":"WebPage","@id":"https:\/\/www.avons.fr\/magasin\/venir-aux-magasins\/avons-chaponost\/","url":"https:\/\/www.avons.fr\/magasin\/venir-aux-magasins\/avons-chaponost\/","name":"Lieu de d\u00e9p\u00f4t SAV |\u00a0Avons \u00e0 Chaponost - Comment s'y rendre","isPartOf":{"@id":"https:\/\/www.avons.fr\/magasin\/#website"},"datePublished":"2018-10-18T13:34:29+00:00","dateModified":"2018-10-22T08:54:11+00:00","description":"Venez d\u00e9poser votre machine pour r\u00e9paration chez Avons Chaponost. Nous disposons \u00e0 la fois d\u2019un grand savoir-faire technique, d\u2019une excellente connaissance des machines pr\u00e9sentes sur le march\u00e9, ainsi que d\u2019une passion ind\u00e9fectible pour la couture.","breadcrumb":{"@id":"https:\/\/www.avons.fr\/magasin\/venir-aux-magasins\/avons-chaponost\/#breadcrumb"},"inLanguage":"fr-FR","potentialAction":[{"@type":"ReadAction","target":["https:\/\/www.avons.fr\/magasin\/venir-aux-magasins\/avons-chaponost\/"]}]},{"@type":"BreadcrumbList","@id":"https:\/\/www.avons.fr\/magasin\/venir-aux-magasins\/avons-chaponost\/#breadcrumb","itemListElement":[{"@type":"ListItem","position":1,"name":"Accueil","item":"https:\/\/www.avons.fr\/magasin\/"},{"@type":"ListItem","position":2,"name":"Venir aux magasins","item":"https:\/\/www.avons.fr\/magasin\/"},{"@type":"ListItem","position":3,"name":"Lieu de d\u00e9p\u00f4t SAV \u00e0 Chaponost"}]},{"@type":"WebSite","@id":"https:\/\/www.avons.fr\/magasin\/#website","url":"https:\/\/www.avons.fr\/magasin\/","name":"Avons","description":"","potentialAction":[{"@type":"SearchAction","target":{"@type":"EntryPoint","urlTemplate":"https:\/\/www.avons.fr\/magasin\/?s={search_term_string}"},"query-input":{"@type":"PropertyValueSpecification","valueRequired":true,"valueName":"search_term_string"}}],"inLanguage":"fr-FR"}]}},"_links":{"self":[{"href":"https:\/\/www.avons.fr\/magasin\/wp-json\/wp\/v2\/pages\/1478","targetHints":{"allow":["GET"]}}],"collection":[{"href":"https:\/\/www.avons.fr\/magasin\/wp-json\/wp\/v2\/pages"}],"about":[{"href":"https:\/\/www.avons.fr\/magasin\/wp-json\/wp\/v2\/types\/page"}],"author":[{"embeddable":true,"href":"https:\/\/www.avons.fr\/magasin\/wp-json\/wp\/v2\/users\/1"}],"replies":[{"embeddable":true,"href":"https:\/\/www.avons.fr\/magasin\/wp-json\/wp\/v2\/comments?post=1478"}],"version-history":[{"count":0,"href":"https:\/\/www.avons.fr\/magasin\/wp-json\/wp\/v2\/pages\/1478\/revisions"}],"up":[{"embeddable":true,"href":"https:\/\/www.avons.fr\/magasin\/wp-json\/wp\/v2\/pages\/10"}],"wp:attachment":[{"href":"https:\/\/www.avons.fr\/magasin\/wp-json\/wp\/v2\/media?parent=1478"}],"curies":[{"name":"wp","href":"https:\/\/api.w.org\/{rel}","templated":true}]}}