{"id":1444,"date":"2018-10-02T11:28:39","date_gmt":"2018-10-02T10:28:39","guid":{"rendered":"https:\/\/www.avons.fr\/magasin\/?page_id=1444"},"modified":"2022-09-23T11:49:20","modified_gmt":"2022-09-23T10:49:20","slug":"oullins","status":"publish","type":"page","link":"https:\/\/www.avons.fr\/magasin\/venir-aux-magasins\/oullins\/","title":{"rendered":"Magasin Oullins"},"content":{"rendered":"","protected":false},"excerpt":{"rendered":"","protected":false},"author":1,"featured_media":0,"parent":10,"menu_order":0,"comment_status":"closed","ping_status":"closed","template":"","meta":{"_acf_changed":false,"_EventAllDay":false,"_EventTimezone":"","_EventStartDate":"","_EventEndDate":"","_EventStartDateUTC":"","_EventEndDateUTC":"","_EventShowMap":false,"_EventShowMapLink":false,"_EventURL":"","_EventCost":"","_EventCostDescription":"","_EventCurrencySymbol":"","_EventCurrencyCode":"","_EventCurrencyPosition":"","_EventDateTimeSeparator":"","_EventTimeRangeSeparator":"","_EventOrganizerID":[],"_EventVenueID":[],"_OrganizerEmail":"","_OrganizerPhone":"","_OrganizerWebsite":"","_VenueAddress":"","_VenueCity":"","_VenueCountry":"","_VenueProvince":"","_VenueState":"","_VenueZip":"","_VenuePhone":"","_VenueURL":"","_VenueStateProvince":"","_VenueLat":"","_VenueLng":"","_VenueShowMap":false,"_VenueShowMapLink":false,"footnotes":""},"class_list":["post-1444","page","type-page","status-publish"],"acf":[],"yoast_head":"<!-- This site is optimized with the Yoast SEO plugin v24.7 - https:\/\/yoast.com\/wordpress\/plugins\/seo\/ -->\n<title>Boutique Avons situ\u00e9e \u00e0 Oullins centre - Venir au magasin<\/title>\n<meta name=\"description\" content=\"Venez d\u00e9couvrir notre nouvelle boutique situ\u00e9e au 129-131 Grande Rue au centre d&#039;Oullins. Retrouverez une large gamme de machines et d&#039;accessoires pour votre machine \u00e0 coudre, brodeuse ou surjeteuse.\" \/>\n<meta name=\"robots\" content=\"index, follow, max-snippet:-1, max-image-preview:large, max-video-preview:-1\" \/>\n<link rel=\"canonical\" href=\"https:\/\/www.avons.fr\/magasin\/venir-aux-magasins\/oullins\/\" \/>\n<meta property=\"og:locale\" content=\"fr_FR\" \/>\n<meta property=\"og:type\" content=\"article\" \/>\n<meta property=\"og:title\" content=\"Boutique Avons situ\u00e9e \u00e0 Oullins centre - Venir au magasin\" \/>\n<meta property=\"og:description\" content=\"Venez d\u00e9couvrir notre nouvelle boutique situ\u00e9e au 129-131 Grande Rue au centre d&#039;Oullins. Retrouverez une large gamme de machines et d&#039;accessoires pour votre machine \u00e0 coudre, brodeuse ou surjeteuse.\" \/>\n<meta property=\"og:url\" content=\"https:\/\/www.avons.fr\/magasin\/venir-aux-magasins\/oullins\/\" \/>\n<meta property=\"og:site_name\" content=\"Avons\" \/>\n<meta property=\"article:modified_time\" content=\"2022-09-23T10:49:20+00:00\" \/>\n<meta name=\"twitter:card\" content=\"summary_large_image\" \/>\n<script type=\"application\/ld+json\" class=\"yoast-schema-graph\">{\"@context\":\"https:\/\/schema.org\",\"@graph\":[{\"@type\":\"WebPage\",\"@id\":\"https:\/\/www.avons.fr\/magasin\/venir-aux-magasins\/oullins\/\",\"url\":\"https:\/\/www.avons.fr\/magasin\/venir-aux-magasins\/oullins\/\",\"name\":\"Boutique Avons situ\u00e9e \u00e0 Oullins centre - Venir au magasin\",\"isPartOf\":{\"@id\":\"https:\/\/www.avons.fr\/magasin\/#website\"},\"datePublished\":\"2018-10-02T10:28:39+00:00\",\"dateModified\":\"2022-09-23T10:49:20+00:00\",\"description\":\"Venez d\u00e9couvrir notre nouvelle boutique situ\u00e9e au 129-131 Grande Rue au centre d'Oullins. Retrouverez une large gamme de machines et d'accessoires pour votre machine \u00e0 coudre, brodeuse ou surjeteuse.\",\"breadcrumb\":{\"@id\":\"https:\/\/www.avons.fr\/magasin\/venir-aux-magasins\/oullins\/#breadcrumb\"},\"inLanguage\":\"fr-FR\",\"potentialAction\":[{\"@type\":\"ReadAction\",\"target\":[\"https:\/\/www.avons.fr\/magasin\/venir-aux-magasins\/oullins\/\"]}]},{\"@type\":\"BreadcrumbList\",\"@id\":\"https:\/\/www.avons.fr\/magasin\/venir-aux-magasins\/oullins\/#breadcrumb\",\"itemListElement\":[{\"@type\":\"ListItem\",\"position\":1,\"name\":\"Accueil\",\"item\":\"https:\/\/www.avons.fr\/magasin\/\"},{\"@type\":\"ListItem\",\"position\":2,\"name\":\"Venir aux magasins\",\"item\":\"https:\/\/www.avons.fr\/magasin\/\"},{\"@type\":\"ListItem\",\"position\":3,\"name\":\"Magasin Oullins\"}]},{\"@type\":\"WebSite\",\"@id\":\"https:\/\/www.avons.fr\/magasin\/#website\",\"url\":\"https:\/\/www.avons.fr\/magasin\/\",\"name\":\"Avons\",\"description\":\"\",\"potentialAction\":[{\"@type\":\"SearchAction\",\"target\":{\"@type\":\"EntryPoint\",\"urlTemplate\":\"https:\/\/www.avons.fr\/magasin\/?s={search_term_string}\"},\"query-input\":{\"@type\":\"PropertyValueSpecification\",\"valueRequired\":true,\"valueName\":\"search_term_string\"}}],\"inLanguage\":\"fr-FR\"}]}<\/script>\n<!-- \/ Yoast SEO plugin. -->","yoast_head_json":{"title":"Boutique Avons situ\u00e9e \u00e0 Oullins centre - Venir au magasin","description":"Venez d\u00e9couvrir notre nouvelle boutique situ\u00e9e au 129-131 Grande Rue au centre d'Oullins. Retrouverez une large gamme de machines et d'accessoires pour votre machine \u00e0 coudre, brodeuse ou surjeteuse.","robots":{"index":"index","follow":"follow","max-snippet":"max-snippet:-1","max-image-preview":"max-image-preview:large","max-video-preview":"max-video-preview:-1"},"canonical":"https:\/\/www.avons.fr\/magasin\/venir-aux-magasins\/oullins\/","og_locale":"fr_FR","og_type":"article","og_title":"Boutique Avons situ\u00e9e \u00e0 Oullins centre - Venir au magasin","og_description":"Venez d\u00e9couvrir notre nouvelle boutique situ\u00e9e au 129-131 Grande Rue au centre d'Oullins. Retrouverez une large gamme de machines et d'accessoires pour votre machine \u00e0 coudre, brodeuse ou surjeteuse.","og_url":"https:\/\/www.avons.fr\/magasin\/venir-aux-magasins\/oullins\/","og_site_name":"Avons","article_modified_time":"2022-09-23T10:49:20+00:00","twitter_card":"summary_large_image","schema":{"@context":"https:\/\/schema.org","@graph":[{"@type":"WebPage","@id":"https:\/\/www.avons.fr\/magasin\/venir-aux-magasins\/oullins\/","url":"https:\/\/www.avons.fr\/magasin\/venir-aux-magasins\/oullins\/","name":"Boutique Avons situ\u00e9e \u00e0 Oullins centre - Venir au magasin","isPartOf":{"@id":"https:\/\/www.avons.fr\/magasin\/#website"},"datePublished":"2018-10-02T10:28:39+00:00","dateModified":"2022-09-23T10:49:20+00:00","description":"Venez d\u00e9couvrir notre nouvelle boutique situ\u00e9e au 129-131 Grande Rue au centre d'Oullins. Retrouverez une large gamme de machines et d'accessoires pour votre machine \u00e0 coudre, brodeuse ou surjeteuse.","breadcrumb":{"@id":"https:\/\/www.avons.fr\/magasin\/venir-aux-magasins\/oullins\/#breadcrumb"},"inLanguage":"fr-FR","potentialAction":[{"@type":"ReadAction","target":["https:\/\/www.avons.fr\/magasin\/venir-aux-magasins\/oullins\/"]}]},{"@type":"BreadcrumbList","@id":"https:\/\/www.avons.fr\/magasin\/venir-aux-magasins\/oullins\/#breadcrumb","itemListElement":[{"@type":"ListItem","position":1,"name":"Accueil","item":"https:\/\/www.avons.fr\/magasin\/"},{"@type":"ListItem","position":2,"name":"Venir aux magasins","item":"https:\/\/www.avons.fr\/magasin\/"},{"@type":"ListItem","position":3,"name":"Magasin Oullins"}]},{"@type":"WebSite","@id":"https:\/\/www.avons.fr\/magasin\/#website","url":"https:\/\/www.avons.fr\/magasin\/","name":"Avons","description":"","potentialAction":[{"@type":"SearchAction","target":{"@type":"EntryPoint","urlTemplate":"https:\/\/www.avons.fr\/magasin\/?s={search_term_string}"},"query-input":{"@type":"PropertyValueSpecification","valueRequired":true,"valueName":"search_term_string"}}],"inLanguage":"fr-FR"}]}},"_links":{"self":[{"href":"https:\/\/www.avons.fr\/magasin\/wp-json\/wp\/v2\/pages\/1444","targetHints":{"allow":["GET"]}}],"collection":[{"href":"https:\/\/www.avons.fr\/magasin\/wp-json\/wp\/v2\/pages"}],"about":[{"href":"https:\/\/www.avons.fr\/magasin\/wp-json\/wp\/v2\/types\/page"}],"author":[{"embeddable":true,"href":"https:\/\/www.avons.fr\/magasin\/wp-json\/wp\/v2\/users\/1"}],"replies":[{"embeddable":true,"href":"https:\/\/www.avons.fr\/magasin\/wp-json\/wp\/v2\/comments?post=1444"}],"version-history":[{"count":0,"href":"https:\/\/www.avons.fr\/magasin\/wp-json\/wp\/v2\/pages\/1444\/revisions"}],"up":[{"embeddable":true,"href":"https:\/\/www.avons.fr\/magasin\/wp-json\/wp\/v2\/pages\/10"}],"wp:attachment":[{"href":"https:\/\/www.avons.fr\/magasin\/wp-json\/wp\/v2\/media?parent=1444"}],"curies":[{"name":"wp","href":"https:\/\/api.w.org\/{rel}","templated":true}]}}